{"id":7075,"date":"2022-11-19T08:16:03","date_gmt":"2022-11-19T12:16:03","guid":{"rendered":"http:\/\/localhost\/wp1\/apercu-du-programme\/"},"modified":"2023-06-29T09:47:42","modified_gmt":"2023-06-29T13:47:42","slug":"apercu-du-programme","status":"publish","type":"page","link":"https:\/\/ciarbcanada.org\/fr\/apercu-du-programme\/","title":{"rendered":"Aper\u00e7u du programme"},"content":{"rendered":"<p>[et_pb_section fb_built=\u00a0\u00bb1&Prime; admin_label=\u00a0\u00bbsection\u00a0\u00bb _builder_version=\u00a0\u00bb4.16&Prime; global_colors_info=\u00a0\u00bb{}\u00a0\u00bb][et_pb_row column_structure=\u00a0\u00bb1_3,2_3&Prime; admin_label=\u00a0\u00bbrow\u00a0\u00bb _builder_version=\u00a0\u00bb4.16&Prime; background_size=\u00a0\u00bbinitial\u00a0\u00bb background_position=\u00a0\u00bbtop_left\u00a0\u00bb background_repeat=\u00a0\u00bbrepeat\u00a0\u00bb global_colors_info=\u00a0\u00bb{}\u00a0\u00bb][et_pb_column type=\u00a0\u00bb1_3&Prime; _builder_version=\u00a0\u00bb4.16&Prime; custom_padding=\u00a0\u00bb|||\u00a0\u00bb global_colors_info=\u00a0\u00bb{}\u00a0\u00bb custom_padding__hover=\u00a0\u00bb|||\u00a0\u00bb][et_pb_text _builder_version=\u00a0\u00bb4.21.0&Prime; _module_preset=\u00a0\u00bbdefault\u00a0\u00bb global_module=\u00a0\u00bb100769&Prime; saved_tabs=\u00a0\u00bball\u00a0\u00bb global_colors_info=\u00a0\u00bb{}\u00a0\u00bb]<\/p>\n<p><strong>Nouveau programme d\u2019arbitrage<\/strong><\/p>\n<p>[\/et_pb_text][et_pb_menu menu_id=\u00a0\u00bb94&Prime; dropdown_menu_line_color=\u00a0\u00bb#BE0000&Prime; dropdown_menu_active_link_color=\u00a0\u00bb#BE0000&Prime; _builder_version=\u00a0\u00bb4.21.0&Prime; _module_preset=\u00a0\u00bbdefault\u00a0\u00bb menu_font=\u00a0\u00bbPoppins|300|||||||\u00a0\u00bb menu_font_size=\u00a0\u00bb13px\u00a0\u00bb global_module=\u00a0\u00bb100768&Prime; saved_tabs=\u00a0\u00bball\u00a0\u00bb global_colors_info=\u00a0\u00bb{}\u00a0\u00bb][\/et_pb_menu][\/et_pb_column][et_pb_column type=\u00a0\u00bb2_3&Prime; _builder_version=\u00a0\u00bb4.16&Prime; custom_padding=\u00a0\u00bb|||\u00a0\u00bb global_colors_info=\u00a0\u00bb{}\u00a0\u00bb custom_padding__hover=\u00a0\u00bb|||\u00a0\u00bb][et_pb_text _builder_version=\u00a0\u00bb4.21.0&Prime; _module_preset=\u00a0\u00bbdefault\u00a0\u00bb text_font=\u00a0\u00bbPoppins|300|||||||\u00a0\u00bb header_font=\u00a0\u00bbPoppins||||||||\u00a0\u00bb header_text_color=\u00a0\u00bb#BE0000&Prime; header_3_text_color=\u00a0\u00bb#BE0000&Prime; header_4_font=\u00a0\u00bbPoppins||||||||\u00a0\u00bb background_size=\u00a0\u00bbinitial\u00a0\u00bb background_position=\u00a0\u00bbtop_left\u00a0\u00bb background_repeat=\u00a0\u00bbrepeat\u00a0\u00bb custom_margin=\u00a0\u00bb-20px||||false|false\u00a0\u00bb custom_padding=\u00a0\u00bb0px||||false|false\u00a0\u00bb hover_enabled=\u00a0\u00bb0&Prime; global_colors_info=\u00a0\u00bb{}\u00a0\u00bb sticky_enabled=\u00a0\u00bb0&Prime;]<\/p>\n<h3><span style=\"color: #be0000;\">Aper\u00e7u du programme<\/span><\/h3>\n<p><strong> Introduction au programme pilote<\/strong><\/p>\n<p>Le Chartered Institute of Arbitrators (\u00ab\u00a0CIArb\u00a0\u00bb) est le principal organisme professionnel et de qualification au monde en mati\u00e8re de pr\u00e9vention et de gestion des litiges. Il offre un enseignement ainsi qu\u2019 une formation pratique de renomm\u00e9e mondiale en mati\u00e8re d\u2019arbitrage. Il propose notamment des cours permettant aux participants d\u2019obtenir le titre de Fellow du Chartered Institute of Arbitrators (FCIArb), le niveau le plus \u00e9lev\u00e9 de membre du CIArb.<\/p>\n<p>CIArb Canada accueille chaleureusement les commentaires sur le nouveau programme d\u2019arbitrage. Veuillez cliquer ici pour acc\u00e9der au formulaire de commentaires. Le Programme de nouveaux arbitres du CIArb s\u2019applique dans tout le Canada.<\/p>\n<p>CIArb Canada accueille chaleureusement les commentaires sur le nouveau programme d\u2019arbitrage.<\/p>\n<p><strong>D\u00e9claration d\u2019intention<\/strong><\/p>\n<p>L\u2019objectif du Programme pour nouveaux arbitres du CIArb est de fournir aux nouveaux arbitres une exp\u00e9rience pratique de la conduite de proc\u00e9dures d\u2019arbitrage commercial et de la r\u00e9daction de sentences ex\u00e9cutoires.<\/p>\n<p>Bien que de nombreux nouveaux membres (Fellows) puissent avoir une exp\u00e9rience significative de l\u2019arbitrage, ils ont souvent du mal \u00e0 obtenir des nominations parce qu\u2019ils n\u2019ont pas le niveau d\u2019exp\u00e9rience pratique habituellement requis pour faire partie de la liste d\u2019une institution arbitrale et donc \u00eatre \u00e9ligibles pour une nomination \u00e0 titre d\u2019arbitre. Le programme de formation de nouveaux arbitres comble le foss\u00e9 entre l\u2019obtention d\u2019une qualification professionnelle pour agir en tant qu\u2019arbitre et le fait de devenir un agent \u00e9tabli pouvant faire partie de la liste d\u2019une institution arbitrale. Par cons\u00e9quent, le Programme de nouvel arbitre est conforme au double mandat du CIArb, qui consiste \u00e0 promouvoir l\u2019arbitrage en tant qu\u2019alternative aux litiges devant les tribunaux, et \u00e0 fournir une \u00e9ducation et une formation en mati\u00e8re de r\u00e9solution alternative des conflits. En outre, le Programme de nouveaux arbitres favorise les initiatives de diversit\u00e9 en offrant des opportunit\u00e9s \u00e0 de jeunes arbitres qualifi\u00e9s et\/ou \u00e0 des arbitres issus de groupes historiquement d\u00e9favoris\u00e9s et\/ou sous-repr\u00e9sent\u00e9s. Enfin, le New Arbitrator Program est \u00e9galement compl\u00e9mentaire aux syst\u00e8mes judiciaires locaux. Il favorise l\u2019acc\u00e8s \u00e0 la justice car les nouveaux arbitres offrent leurs services gratuitement.<\/p>\n<p>[\/et_pb_text][\/et_pb_column][\/et_pb_row][\/et_pb_section]<\/p>\n","protected":false},"excerpt":{"rendered":"<p>Nouveau programme d\u2019arbitrage Aper\u00e7u du programme Introduction au programme pilote Le Chartered Institute of Arbitrators (\u00ab\u00a0CIArb\u00a0\u00bb) est le principal organisme professionnel et de qualification au monde en mati\u00e8re de pr\u00e9vention [&hellip;]<\/p>\n","protected":false},"author":603,"featured_media":0,"parent":0,"menu_order":0,"comment_status":"closed","ping_status":"closed","template":"","meta":{"_acf_changed":false,"_et_pb_use_builder":"on","_et_pb_old_content":"","_et_gb_content_width":"","footnotes":""},"class_list":["post-7075","page","type-page","status-publish","hentry"],"acf":[],"amp_enabled":true,"_links":{"self":[{"href":"https:\/\/ciarbcanada.org\/fr\/wp-json\/wp\/v2\/pages\/7075","targetHints":{"allow":["GET"]}}],"collection":[{"href":"https:\/\/ciarbcanada.org\/fr\/wp-json\/wp\/v2\/pages"}],"about":[{"href":"https:\/\/ciarbcanada.org\/fr\/wp-json\/wp\/v2\/types\/page"}],"author":[{"embeddable":true,"href":"https:\/\/ciarbcanada.org\/fr\/wp-json\/wp\/v2\/users\/603"}],"replies":[{"embeddable":true,"href":"https:\/\/ciarbcanada.org\/fr\/wp-json\/wp\/v2\/comments?post=7075"}],"version-history":[{"count":28,"href":"https:\/\/ciarbcanada.org\/fr\/wp-json\/wp\/v2\/pages\/7075\/revisions"}],"predecessor-version":[{"id":100775,"href":"https:\/\/ciarbcanada.org\/fr\/wp-json\/wp\/v2\/pages\/7075\/revisions\/100775"}],"wp:attachment":[{"href":"https:\/\/ciarbcanada.org\/fr\/wp-json\/wp\/v2\/media?parent=7075"}],"curies":[{"name":"wp","href":"https:\/\/api.w.org\/{rel}","templated":true}]}}