{"id":7079,"date":"2022-11-19T08:29:27","date_gmt":"2022-11-19T12:29:27","guid":{"rendered":"http:\/\/localhost\/wp1\/nouveaux-arbitres-eligibles\/"},"modified":"2023-06-29T09:51:22","modified_gmt":"2023-06-29T13:51:22","slug":"nouveaux-arbitres-eligibles","status":"publish","type":"page","link":"https:\/\/ciarbcanada.org\/fr\/nouveaux-arbitres-eligibles\/","title":{"rendered":"Nouveaux arbitres \u00e9ligibles"},"content":{"rendered":"<p>[et_pb_section fb_built=\u00a0\u00bb1&Prime; _builder_version=\u00a0\u00bb4.21.0&Prime; _module_preset=\u00a0\u00bbdefault\u00a0\u00bb global_colors_info=\u00a0\u00bb{}\u00a0\u00bb][et_pb_row column_structure=\u00a0\u00bb1_3,2_3&Prime; _builder_version=\u00a0\u00bb4.21.0&Prime; _module_preset=\u00a0\u00bbdefault\u00a0\u00bb global_colors_info=\u00a0\u00bb{}\u00a0\u00bb][et_pb_column type=\u00a0\u00bb1_3&Prime; _builder_version=\u00a0\u00bb4.21.0&Prime; _module_preset=\u00a0\u00bbdefault\u00a0\u00bb global_colors_info=\u00a0\u00bb{}\u00a0\u00bb][et_pb_text _builder_version=\u00a0\u00bb4.21.0&Prime; _module_preset=\u00a0\u00bbdefault\u00a0\u00bb global_module=\u00a0\u00bb100769&Prime; global_colors_info=\u00a0\u00bb{}\u00a0\u00bb]<\/p>\n<p><strong>Nouveau programme d\u2019arbitrage<\/strong><\/p>\n<p>[\/et_pb_text][et_pb_menu menu_id=\u00a0\u00bb94&Prime; dropdown_menu_line_color=\u00a0\u00bb#BE0000&Prime; dropdown_menu_active_link_color=\u00a0\u00bb#BE0000&Prime; _builder_version=\u00a0\u00bb4.21.0&Prime; _module_preset=\u00a0\u00bbdefault\u00a0\u00bb menu_font=\u00a0\u00bbPoppins|300|||||||\u00a0\u00bb menu_font_size=\u00a0\u00bb13px\u00a0\u00bb global_module=\u00a0\u00bb100768&Prime; global_colors_info=\u00a0\u00bb{}\u00a0\u00bb][\/et_pb_menu][\/et_pb_column][et_pb_column type=\u00a0\u00bb2_3&Prime; _builder_version=\u00a0\u00bb4.21.0&Prime; _module_preset=\u00a0\u00bbdefault\u00a0\u00bb global_colors_info=\u00a0\u00bb{}\u00a0\u00bb][et_pb_text _builder_version=\u00a0\u00bb4.21.0&Prime; _module_preset=\u00a0\u00bbdefault\u00a0\u00bb header_2_font=\u00a0\u00bbPoppins||||||||\u00a0\u00bb header_2_text_align=\u00a0\u00bbleft\u00a0\u00bb header_2_text_color=\u00a0\u00bb#BE0000&Prime; header_3_font=\u00a0\u00bb|300|||||||\u00a0\u00bb hover_enabled=\u00a0\u00bb0&Prime; global_colors_info=\u00a0\u00bb{}\u00a0\u00bb text_font=\u00a0\u00bbPoppins|300|||||||\u00a0\u00bb sticky_enabled=\u00a0\u00bb0&Prime;]<\/p>\n<h2><span style=\"color: #be0000;\">Nouveaux arbitres \u00e9ligibles<\/span><\/h2>\n<p><strong>Les deux mod\u00e8les de programme<\/strong><\/p>\n<p>La liste des nouveaux arbitres susceptibles d\u2019\u00eatre nomm\u00e9s sera fournie par courriel \u00e0 (info@ciarbcanada.org) sur demande aux repr\u00e9sentants int\u00e9ress\u00e9s.<a href=\"mailto:info@ciarbcanada.org\"><\/a><\/p>\n<p>Le programme de nouvel arbitre comporte deux mod\u00e8les : le mod\u00e8le de proc\u00e9dure simplifi\u00e9e et le mod\u00e8le alternatif. Dans les deux mod\u00e8les, les parties peuvent choisir leur nouvel arbitre \u00e0 partir de la liste du CIArb tenue par le CIArb Canada et fournie sur demande. Afin de faciliter les nominations dans le cadre du programme de nouveaux arbitres, ceux-ci auront \u00e9galement la possibilit\u00e9 de participer \u00e0 des arbitrages en qualit\u00e9 d\u2019observateurs aupr\u00e8s d\u2019arbitres chevronn\u00e9s.<\/p>\n<p><strong>Le mod\u00e8le de proc\u00e9dure simplifi\u00e9e aide les parties \u00e0 r\u00e9soudre les diff\u00e9rends commerciaux dont la valeur se situe entre 5 000 $ et 250 000 $.<\/strong><span>\u00a0<\/span>Dans certaines communaut\u00e9s, la branche canadienne du CIArb \u0153uvre de concert avec des organisations provinciales d\u2019aide juridique\/pro bono pour offrir ce service. Ce mod\u00e8le offre aux parties un r\u00e8glement des diff\u00e9rends plus rapide et plus efficace que celui pouvant \u00eatre obtenu devant les tribunaux et am\u00e9liore l\u2019acc\u00e8s \u00e0 la justice pour les parties qui ne peuvent se le permettre financi\u00e8rement.<\/p>\n<p><strong>Le mod\u00e8le alternatif offre aux nouveaux arbitres la visibilit\u00e9 et la possibilit\u00e9 d\u2019am\u00e9liorer leurs connaissances en plus d\u2019\u00e9tablir la confiance et la cr\u00e9dibilit\u00e9 requises pour les recommandations de nomination et les r\u00e9f\u00e9rences en leur donnant la possibilit\u00e9 d\u2019observer, sur une base confidentielle, avec le consentement des parties, un arbitrage avec un arbitre notoire.<\/strong><\/p>\n<p><strong>Pourquoi participer au programme pilote ?<\/strong><\/p>\n<p>En ce qui a trait aux nouveaux arbitres, le programme pour nouveaux arbitres fournit l\u2019exp\u00e9rience pratique en tant qu\u2019arbitre afin d\u2019acc\u00e9der au domaine et \u00eatre \u00e9ligible \u00e0 l\u2019inscription sur la liste d\u2019une organisation arbitrale.<\/p>\n<p>Pour les arbitres ayant une certaine notori\u00e9t\u00e9, le Programme de nouvel arbitre offre la possibilit\u00e9 de former, de soutenir et d\u2019encadrer de nouveaux arbitres selon le \u00ab mod\u00e8le fant\u00f4me \u00bb. La participation au programme de nouvel arbitre contribue aux programmes d\u2019acc\u00e8s \u00e0 la justice et peut \u00e9galement donner droit \u00e0 des cr\u00e9dits de formation juridique continue dans certaines juridictions provinciales.<\/p>\n<p>En ce qui concerne les parties au litige, le programme de nouvel arbitre fournit des arbitres qualifi\u00e9s pr\u00eats \u00e0 offrir gratuitement leurs services pour r\u00e9soudre des litiges commerciaux. Les parties b\u00e9n\u00e9ficient \u00e9galement du fait que l\u2019arbitrage doit se d\u00e9rouler en priv\u00e9 bien que les proc\u00e9dures judiciaires soient habituellement ouvertes au public.<\/p>\n<p>[\/et_pb_text][\/et_pb_column][\/et_pb_row][\/et_pb_section]<\/p>\n","protected":false},"excerpt":{"rendered":"<p>Nouveau programme d\u2019arbitrage Nouveaux arbitres \u00e9ligibles Les deux mod\u00e8les de programme La liste des nouveaux arbitres susceptibles d\u2019\u00eatre nomm\u00e9s sera fournie par courriel \u00e0 (info@ciarbcanada.org) sur demande aux repr\u00e9sentants int\u00e9ress\u00e9s. [&hellip;]<\/p>\n","protected":false},"author":603,"featured_media":0,"parent":0,"menu_order":0,"comment_status":"closed","ping_status":"closed","template":"","meta":{"_acf_changed":false,"_et_pb_use_builder":"on","_et_pb_old_content":"","_et_gb_content_width":"","footnotes":""},"class_list":["post-7079","page","type-page","status-publish","hentry"],"acf":[],"amp_enabled":true,"_links":{"self":[{"href":"https:\/\/ciarbcanada.org\/fr\/wp-json\/wp\/v2\/pages\/7079","targetHints":{"allow":["GET"]}}],"collection":[{"href":"https:\/\/ciarbcanada.org\/fr\/wp-json\/wp\/v2\/pages"}],"about":[{"href":"https:\/\/ciarbcanada.org\/fr\/wp-json\/wp\/v2\/types\/page"}],"author":[{"embeddable":true,"href":"https:\/\/ciarbcanada.org\/fr\/wp-json\/wp\/v2\/users\/603"}],"replies":[{"embeddable":true,"href":"https:\/\/ciarbcanada.org\/fr\/wp-json\/wp\/v2\/comments?post=7079"}],"version-history":[{"count":4,"href":"https:\/\/ciarbcanada.org\/fr\/wp-json\/wp\/v2\/pages\/7079\/revisions"}],"predecessor-version":[{"id":100777,"href":"https:\/\/ciarbcanada.org\/fr\/wp-json\/wp\/v2\/pages\/7079\/revisions\/100777"}],"wp:attachment":[{"href":"https:\/\/ciarbcanada.org\/fr\/wp-json\/wp\/v2\/media?parent=7079"}],"curies":[{"name":"wp","href":"https:\/\/api.w.org\/{rel}","templated":true}]}}