{"id":7087,"date":"2022-11-19T10:21:25","date_gmt":"2022-11-19T14:21:25","guid":{"rendered":"http:\/\/localhost\/wp1\/le-comite-consultatif-du-nouveau-programme-darbitrage\/"},"modified":"2023-06-29T15:16:45","modified_gmt":"2023-06-29T19:16:45","slug":"le-comite-consultatif-du-nouveau-programme-darbitrage","status":"publish","type":"page","link":"https:\/\/ciarbcanada.org\/fr\/le-comite-consultatif-du-nouveau-programme-darbitrage\/","title":{"rendered":"Le comit\u00e9 consultatif du nouveau programme d&rsquo;arbitrage"},"content":{"rendered":"<p>[et_pb_section fb_built=\u00a0\u00bb1&Prime; theme_builder_area=\u00a0\u00bbpost_content\u00a0\u00bb _builder_version=\u00a0\u00bb4.21.0&Prime; _module_preset=\u00a0\u00bbdefault\u00a0\u00bb][et_pb_row _builder_version=\u00a0\u00bb4.21.0&Prime; _module_preset=\u00a0\u00bbdefault\u00a0\u00bb column_structure=\u00a0\u00bb1_3,2_3&Prime; theme_builder_area=\u00a0\u00bbpost_content\u00a0\u00bb][et_pb_column _builder_version=\u00a0\u00bb4.21.0&Prime; _module_preset=\u00a0\u00bbdefault\u00a0\u00bb type=\u00a0\u00bb1_3&Prime; theme_builder_area=\u00a0\u00bbpost_content\u00a0\u00bb][et_pb_text _builder_version=\u00a0\u00bb4.21.0&Prime; _module_preset=\u00a0\u00bbdefault\u00a0\u00bb global_colors_info=\u00a0\u00bb{}\u00a0\u00bb global_module=\u00a0\u00bb100769&Prime; theme_builder_area=\u00a0\u00bbpost_content\u00a0\u00bb]<\/p>\n<p><strong>Nouveau programme d\u2019arbitrage<\/strong><\/p>\n<p>[\/et_pb_text][et_pb_menu menu_id=\u00a0\u00bb94&Prime; dropdown_menu_line_color=\u00a0\u00bb#BE0000&Prime; dropdown_menu_active_link_color=\u00a0\u00bb#BE0000&Prime; _builder_version=\u00a0\u00bb4.21.0&Prime; _module_preset=\u00a0\u00bbdefault\u00a0\u00bb menu_font=\u00a0\u00bbPoppins|300|||||||\u00a0\u00bb menu_font_size=\u00a0\u00bb13px\u00a0\u00bb global_colors_info=\u00a0\u00bb{}\u00a0\u00bb global_module=\u00a0\u00bb100768&Prime; theme_builder_area=\u00a0\u00bbpost_content\u00a0\u00bb][\/et_pb_menu][\/et_pb_column][et_pb_column _builder_version=\u00a0\u00bb4.21.0&Prime; _module_preset=\u00a0\u00bbdefault\u00a0\u00bb type=\u00a0\u00bb2_3&Prime; theme_builder_area=\u00a0\u00bbpost_content\u00a0\u00bb][et_pb_text _builder_version=\u00a0\u00bb4.21.0&Prime; _module_preset=\u00a0\u00bbdefault\u00a0\u00bb theme_builder_area=\u00a0\u00bbpost_content\u00a0\u00bb text_font=\u00a0\u00bbPoppins|300|||||||\u00a0\u00bb header_font=\u00a0\u00bbPoppins||||||||\u00a0\u00bb header_text_color=\u00a0\u00bb#BE0000&Prime; header_3_text_color=\u00a0\u00bb#BE0000&Prime; header_4_font=\u00a0\u00bbPoppins||||||||\u00a0\u00bb background_size=\u00a0\u00bbinitial\u00a0\u00bb background_position=\u00a0\u00bbtop_left\u00a0\u00bb background_repeat=\u00a0\u00bbrepeat\u00a0\u00bb custom_margin=\u00a0\u00bb-20px||||false|false\u00a0\u00bb custom_padding=\u00a0\u00bb0px||||false|false\u00a0\u00bb hover_enabled=\u00a0\u00bb0&Prime; sticky_enabled=\u00a0\u00bb0&Prime;]<\/p>\n<h3>Le comit\u00e9 consultatif du nouveau programme d\u2019arbitrage<\/h3>\n<p>Actuellement, les membres du Comit\u00e9 consultatif pour le programme des nouveaux arbitres sont :<\/p>\n<p><strong>Lisa C. Munro, associ\u00e9e au cabinet Lerners LLP \u00e0 Toronto.<\/strong><span>\u00a0<\/span>Elle est arbitre sur les listes de l\u2019Arbitration Place, de la Toronto Commercial Arbitration Society et du Vancouver International Arbitration Centre. Elle compte plus de 25 ans d\u2019exp\u00e9rience en tant qu\u2019avocate dans le domaine des litiges commerciaux et des affaires et de l\u2019arbitrage commercial international et national. Elle est Fellow du Chartered Institute of Arbitrators (FCIArb) et a obtenu la d\u00e9signation d\u2019arbitre qualifi\u00e9 (Q.Arb) de l\u2019ADR Institute of Canada. Elle si\u00e8ge actuellement au conseil d\u2019administration de la section canadienne du Chartered Institute of Arbitrators et est r\u00e9dactrice en chef de Arbitration Matters (<a href=\"http:\/\/www.arbitrationmatters.com\/\" target=\"_blank\" rel=\"noreferrer noopener\">www.arbitrationmatters.com<\/a>).<\/p>\n<p><strong>Stephen L. Drymer est associ\u00e9 et chef de la pratique d\u2019arbitrage international au sein du cabinet Woods LLP \u00e0 Montr\u00e9al.<\/strong><span>\u00a0<\/span>Plaideur exp\u00e9riment\u00e9 et avocat de formation, il pratique maintenant presque exclusivement dans le domaine de l\u2019arbitrage et du r\u00e8glement des diff\u00e9rends nationaux et internationaux. Il est le pr\u00e9sident sortant du Comit\u00e9 d\u2019arbitrage de la CCI Canada et du Comit\u00e9 national canadien de la Cour internationale d\u2019arbitrage de la CCI.<\/p>\n<p><strong>Murray L. Smith Q.C. est un avocat exer\u00e7ant au sein du cabinet Smith Barristers \u00e0 Vancouver.<\/strong><span>\u00a0<\/span>Fort de plus de 30 ans d\u2019exp\u00e9rience en tant qu\u2019avocat plaidant, sa pratique se limite d\u00e9sormais aux affaires d\u2019arbitrage commercial. Il est arbitre agr\u00e9\u00e9 et Fellow du Chartered Institute of Arbitrators (FCIArb) et Fellow du College of Commercial Arbitrators. Il \u00e9tait auparavant pr\u00e9sident de la section nord- am\u00e9ricaine du Chartered Institute of Arbitrators.<\/p>\n<p>[\/et_pb_text][\/et_pb_column][\/et_pb_row][\/et_pb_section]<\/p>\n","protected":false},"excerpt":{"rendered":"<p>Nouveau programme d\u2019arbitrageLe comit\u00e9 consultatif du nouveau programme d\u2019arbitrage Actuellement, les membres du Comit\u00e9 consultatif pour le programme des nouveaux arbitres sont : Lisa C. Munro, associ\u00e9e au cabinet Lerners [&hellip;]<\/p>\n","protected":false},"author":603,"featured_media":0,"parent":0,"menu_order":0,"comment_status":"closed","ping_status":"closed","template":"","meta":{"_acf_changed":false,"_et_pb_use_builder":"on","_et_pb_old_content":"","_et_gb_content_width":"","footnotes":""},"class_list":["post-7087","page","type-page","status-publish","hentry"],"acf":[],"amp_enabled":true,"_links":{"self":[{"href":"https:\/\/ciarbcanada.org\/fr\/wp-json\/wp\/v2\/pages\/7087","targetHints":{"allow":["GET"]}}],"collection":[{"href":"https:\/\/ciarbcanada.org\/fr\/wp-json\/wp\/v2\/pages"}],"about":[{"href":"https:\/\/ciarbcanada.org\/fr\/wp-json\/wp\/v2\/types\/page"}],"author":[{"embeddable":true,"href":"https:\/\/ciarbcanada.org\/fr\/wp-json\/wp\/v2\/users\/603"}],"replies":[{"embeddable":true,"href":"https:\/\/ciarbcanada.org\/fr\/wp-json\/wp\/v2\/comments?post=7087"}],"version-history":[{"count":2,"href":"https:\/\/ciarbcanada.org\/fr\/wp-json\/wp\/v2\/pages\/7087\/revisions"}],"predecessor-version":[{"id":100782,"href":"https:\/\/ciarbcanada.org\/fr\/wp-json\/wp\/v2\/pages\/7087\/revisions\/100782"}],"wp:attachment":[{"href":"https:\/\/ciarbcanada.org\/fr\/wp-json\/wp\/v2\/media?parent=7087"}],"curies":[{"name":"wp","href":"https:\/\/api.w.org\/{rel}","templated":true}]}}